{"id":8439,"date":"2023-09-21T09:24:30","date_gmt":"2023-09-21T07:24:30","guid":{"rendered":"https:\/\/damasalisconsult.hr\/savjetovanja\/"},"modified":"2023-09-21T09:42:48","modified_gmt":"2023-09-21T07:42:48","slug":"beratung","status":"publish","type":"page","link":"https:\/\/damasalisconsult.hr\/de\/beratung\/","title":{"rendered":"Beratung"},"content":{"rendered":"\t\t<div data-elementor-type=\"wp-page\" data-elementor-id=\"8439\" class=\"elementor elementor-8439 elementor-6608\" data-elementor-post-type=\"page\">\n\t\t\t\t\t\t<section class=\"has_eae_slider elementor-section elementor-top-section elementor-element elementor-element-5fa787bc elementor-section-boxed elementor-section-height-default elementor-section-height-default\" data-eae-slider=\"14842\" data-id=\"5fa787bc\" data-element_type=\"section\" data-e-type=\"section\">\n\t\t\t\t\t\t<div class=\"elementor-container elementor-column-gap-default\">\n\t\t\t\t\t<div class=\"has_eae_slider elementor-column elementor-col-100 elementor-top-column elementor-element elementor-element-42e30685\" data-eae-slider=\"63119\" data-id=\"42e30685\" data-element_type=\"column\" data-e-type=\"column\">\n\t\t\t<div class=\"elementor-widget-wrap elementor-element-populated\">\n\t\t\t\t\t\t<div class=\"elementor-element elementor-element-41e55d60 elementor-widget elementor-widget-text-editor\" data-id=\"41e55d60\" data-element_type=\"widget\" data-e-type=\"widget\" data-widget_type=\"text-editor.default\">\n\t\t\t\t<div class=\"elementor-widget-container\">\n\t\t\t\t\t\t\t\t\t<p><span style=\"font-weight: 400;\">Kennen Sie das Gef\u00fchl, wenn Sie endlich an der Reihe in der Apotheke sind und noch f\u00fcnf Personen hinter Ihnen auf Ihre Beschwerden h\u00f6ren werden?<\/span><\/p><p>\u00a0<\/p><p><span style=\"font-weight: 400;\">\u00a0Wir leben ein hektisches Leben, haben keine Zeit, in der Arztpraxis zu warten, und die zug\u00e4nglichste, gut ausgebildete und sofort verf\u00fcgbare Informationsquelle sind Apotheker.\u00a0<\/span><\/p><p>\u00a0<\/p><p><i><span style=\"font-weight: 400;\">Unser K\u00f6rper ist ein Ganzes, er funktioniert wie eine schweizerische Uhr<\/span><\/i><span style=\"font-weight: 400;\"> \u2013 eine St\u00f6rung in einem Organ l\u00f6st eine Kaskade von St\u00f6rungen in einem anderen System aus. Daher ist es nicht m\u00f6glich, beispielsweise chronische Kopfschmerzen, schmerzhafte Menstruation oder verschiedene entz\u00fcndliche Erkrankungen nur mit Medikamenten unter Kontrolle zu bringen. <\/span><b>Unser K\u00f6rper hat die heilende F\u00e4higkeit, sich selbst zu regenerieren<\/b><span style=\"font-weight: 400;\">.\u00a0<\/span><\/p><p>\u00a0<\/p><p><span style=\"font-weight: 400;\">Indem wir den K\u00f6rper als Ganzes betrachten, ber\u00fccksichtigen wir alles, was sich auf Ihre Gesundheit auswirkt &#8211; Ern\u00e4hrung, Lebensstil, Denkweise. Auf diese Weise helfen wir Ihnen, die Ursache und nicht nur das Symptom der Krankheit zu l\u00f6sen. Das nennt man ganzheitlichen Ansatz, den wir in unserer t\u00e4glichen Arbeit vertreten.\u00a0<\/span><\/p><p>\u00a0<\/p><p><i><span style=\"font-weight: 400;\">Wir glauben fest daran, dass jedes Beschwerde und jede Krankheit unter Kontrolle gebracht werden k\u00f6nnen, mit Ihrem Willen und uns als Ihrem F\u00fchrer, der Sie auf diesem Weg begleiten wird.<\/span><\/i><\/p><p>\u00a0<\/p><p><span style=\"font-weight: 400;\">\u00a0Damasalis Consult ist eine pers\u00f6nliche Beratungsstelle, wo wir Ihnen geduldig und ausschlie\u00dflich <\/span><i><span style=\"font-weight: 400;\">Ihnen gewidmet zuh\u00f6ren und Ihnen die beste L\u00f6sung anbieten werden.<\/span><\/i><\/p><p>\u00a0<\/p><p><b>Wir bieten L\u00f6sungen f\u00fcr:\u00a0<\/b><\/p><ul><li aria-level=\"1\"><b>Krankheiten und Hautzust\u00e4nde\u00a0<\/b><\/li><\/ul><ul><li aria-level=\"1\"><b>nat\u00fcrliche Behandlungsalternativen\u00a0<\/b><\/li><\/ul><ul><li aria-level=\"1\"><b>eine Vielzahl von Medikamenten\u00a0<\/b><\/li><\/ul><ul><li aria-level=\"1\"><b>Frauenbeschwerden (reproduktives Alter, Menopause)<\/b><\/li><\/ul><ul><li aria-level=\"1\"><b>\u00a0Vorbeugung schwerwiegender Erkrankungen<\/b><\/li><\/ul><p>\u00a0<\/p><p><span style=\"font-weight: 400;\">Unser Team besteht aus Experten in verschiedenen Fachgebieten mit langj\u00e4hriger Erfahrung: nat\u00fcrliche und pflanzliche effektive Therapie, dermatologische Krankheiten und Kosmetik, klinische pharmakologische Therapie (Wirkung, Nebenwirkungen und Wechselwirkungen von Medikamenten; Optimierung der Therapie).<\/span><i><span style=\"font-weight: 400;\"> Wir arbeiten mit Ern\u00e4hrungswissenschaftlern und Fach\u00e4rzten zusammen (Gyn\u00e4kologie, Psychotherapie, Dermatologie, Onkologie), an die wir Sie \u00fcberweisen k\u00f6nnen.<\/span><\/i><\/p><p><br style=\"font-weight: 400;\" \/><br style=\"font-weight: 400;\" \/><\/p>\t\t\t\t\t\t\t\t<\/div>\n\t\t\t\t<\/div>\n\t\t\t\t\t<\/div>\n\t\t<\/div>\n\t\t\t\t\t<\/div>\n\t\t<\/section>\n\t\t\t\t<section class=\"has_eae_slider elementor-section elementor-top-section elementor-element elementor-element-8ea26f2 elementor-section-stretched elementor-section-boxed elementor-section-height-default elementor-section-height-default\" data-eae-slider=\"46488\" data-id=\"8ea26f2\" data-element_type=\"section\" data-e-type=\"section\" data-settings=\"{&quot;stretch_section&quot;:&quot;section-stretched&quot;,&quot;background_background&quot;:&quot;classic&quot;}\">\n\t\t\t\t\t\t\t<div class=\"elementor-background-overlay\"><\/div>\n\t\t\t\t\t\t\t<div class=\"elementor-container elementor-column-gap-default\">\n\t\t\t\t\t<div class=\"has_eae_slider elementor-column elementor-col-50 elementor-top-column elementor-element elementor-element-418fed3\" data-eae-slider=\"11464\" data-id=\"418fed3\" data-element_type=\"column\" data-e-type=\"column\">\n\t\t\t<div class=\"elementor-widget-wrap elementor-element-populated\">\n\t\t\t\t\t\t<div class=\"elementor-element elementor-element-722e1640 elementor-widget elementor-widget-creote-image-box-v1\" data-id=\"722e1640\" data-element_type=\"widget\" data-e-type=\"widget\" data-widget_type=\"creote-image-box-v1.default\">\n\t\t\t\t<div class=\"elementor-widget-container\">\n\t\t\t\t\t<div class=\"image_boxes style_three \" >  <img decoding=\"async\" src=\"https:\/\/damasalisconsult.hr\/wp-content\/uploads\/2022\/09\/upoznavanje-s-klijenticom.jpg\" class=\"background_image\" alt=\"image\" \/>  <\/div> \r\n\t\t\t\t<\/div>\n\t\t\t\t<\/div>\n\t\t\t\t\t<\/div>\n\t\t<\/div>\n\t\t\t\t<div class=\"has_eae_slider elementor-column elementor-col-50 elementor-top-column elementor-element elementor-element-ab0e38d\" data-eae-slider=\"82854\" data-id=\"ab0e38d\" data-element_type=\"column\" data-e-type=\"column\">\n\t\t\t<div class=\"elementor-widget-wrap elementor-element-populated\">\n\t\t\t\t\t\t<div class=\"elementor-element elementor-element-371bfe39 elementor-widget elementor-widget-creote-title-v1\" data-id=\"371bfe39\" data-element_type=\"widget\" data-e-type=\"widget\" data-widget_type=\"creote-title-v1.default\">\n\t\t\t\t<div class=\"elementor-widget-container\">\n\t\t\t\t\t<div class=\"title_all_box style_one dark_color\">\r\n            <!-- Default title style -->\r\n        <div class=\"title_sections left\">\r\n                                        <div class=\"title\">\r\n                    Wie sieht unsere beratung aus?                <\/div>\r\n                                <\/div>\r\n        <!-- End of default title style -->\r\n\r\n    <\/div>\r\n\t\t\t\t<\/div>\n\t\t\t\t<\/div>\n\t\t\t\t<div class=\"elementor-element elementor-element-11cad8d0 elementor-widget elementor-widget-text-editor\" data-id=\"11cad8d0\" data-element_type=\"widget\" data-e-type=\"widget\" data-widget_type=\"text-editor.default\">\n\t\t\t\t<div class=\"elementor-widget-container\">\n\t\t\t\t\t\t\t\t\t<ul><li style=\"font-weight: 400;\" aria-level=\"1\"><span style=\"font-weight: 400;\">Ganz einfach &#8211; zu jeder Tages- oder Nachtzeit kontaktieren Sie uns \u00fcber den Facebook inbox, per E-Mail oder durch Ausf\u00fcllen des Kontakt Forma.\u00a0<\/span><\/li><li style=\"font-weight: 400;\" aria-level=\"1\"><span style=\"font-weight: 400;\">Wir werden Sie bitten, das Formular mit grundlegenden Informationen auszuf\u00fcllen.\u00a0<\/span><\/li><li style=\"font-weight: 400;\" aria-level=\"1\"><span style=\"font-weight: 400;\">Wir werden Sie anrufen und einen Termin, die Art und Weise der Beratung (Online-Zoom oder pers\u00f6nlich) vereinbaren.<\/span><\/li><li style=\"font-weight: 400;\" aria-level=\"1\"><i><span style=\"font-weight: 400;\">Wir werden uns nett kennenlernen, Sie werden uns alles erz\u00e4hlen, was sich auf Ihre Gesundheit ausgewirkt hat, Ihre Medikamente auflisten und wie Sie sich f\u00fchlen.<\/span><\/i><\/li><li aria-level=\"1\"><i><span style=\"font-weight: 400;\">Wir erstellen einen Therapieplan nach Priorit\u00e4ten. Alle erforderlichen Nahrungserg\u00e4nzungsmittel und\/oder pflanzliche Arzneimittel k\u00f6nnen Sie sofort in unseren Apotheken Rizk kaufen oder wir senden sie Ihnen mit dem Kurierdienst nach Hause. Alle gesammelten Informationen sind durch die GDPR gesch\u00fctzt.<\/span><\/i><\/li><li aria-level=\"1\"><i><span style=\"font-weight: 400;\">Wir bleiben in Kontakt, begleiten Sie und f\u00fc<\/span><\/i><b><i>hren Sie durch die Therapie<\/i><\/b><i><span style=\"font-weight: 400;\">, wir sind f\u00fcr alle Fragen erreichbar &#8211; bis zum endg\u00fcltigen festgelegten Ziel. <\/span><\/i><b><i>Alle Anweisungen erhalten Sie auch schriftlich.<\/i><\/b><\/li><li aria-level=\"1\"><i><span style=\"font-weight: 400;\">Nat\u00fcrlich k\u00f6nnen Sie sich auch direkt an uns in den Apotheken Rizk wenden und dort eine Damasalis-Beratung reservieren.<\/span><\/i><\/li><\/ul>\t\t\t\t\t\t\t\t<\/div>\n\t\t\t\t<\/div>\n\t\t\t\t\t<\/div>\n\t\t<\/div>\n\t\t\t\t\t<\/div>\n\t\t<\/section>\n\t\t\t\t<section class=\"has_eae_slider elementor-section elementor-top-section elementor-element elementor-element-291c3cf elementor-section-boxed elementor-section-height-default elementor-section-height-default\" data-eae-slider=\"71820\" data-id=\"291c3cf\" data-element_type=\"section\" data-e-type=\"section\">\n\t\t\t\t\t\t<div class=\"elementor-container elementor-column-gap-default\">\n\t\t\t\t\t<div class=\"has_eae_slider elementor-column elementor-col-100 elementor-top-column elementor-element elementor-element-b0e47a5\" data-eae-slider=\"86394\" data-id=\"b0e47a5\" data-element_type=\"column\" data-e-type=\"column\">\n\t\t\t<div class=\"elementor-widget-wrap elementor-element-populated\">\n\t\t\t\t\t\t<div class=\"elementor-element elementor-element-1f01f5b elementor-widget elementor-widget-creote-title-v1\" data-id=\"1f01f5b\" data-element_type=\"widget\" data-e-type=\"widget\" data-widget_type=\"creote-title-v1.default\">\n\t\t\t\t<div class=\"elementor-widget-container\">\n\t\t\t\t\t<div class=\"title_all_box style_one dark_color\">\r\n            <!-- Default title style -->\r\n        <div class=\"title_sections center\">\r\n                            <div class=\"before_title\">\r\n                    SIND SIE SICH NICHT SICHER, OB DIESE BERATUNG F\u00dcR SIE GEEIGNET IST?                <\/div>\r\n                                                    <p>Vereinbaren Sie einen Termin f\u00fcr ein kostenloses 10-min\u00fctiges Telefonberatungsgespr\u00e4ch (wir rufen Sie an).<\/p>\r\n                    <\/div>\r\n        <!-- End of default title style -->\r\n\r\n    <\/div>\r\n\t\t\t\t<\/div>\n\t\t\t\t<\/div>\n\t\t\t\t<div class=\"elementor-element elementor-element-ff18827 elementor-widget elementor-widget-shortcode\" data-id=\"ff18827\" data-element_type=\"widget\" data-e-type=\"widget\" data-widget_type=\"shortcode.default\">\n\t\t\t\t<div class=\"elementor-widget-container\">\n\t\t\t\t\t\t\t<div class=\"elementor-shortcode\"><div class=\"wpforms-container wpforms-container-full\" id=\"wpforms-8387\"><form id=\"wpforms-form-8387\" class=\"wpforms-validate wpforms-form wpforms-ajax-form\" data-formid=\"8387\" method=\"post\" enctype=\"multipart\/form-data\" action=\"\/de\/wp-json\/wp\/v2\/pages\/8439\" data-token=\"e9db54c15a3142311c289c34d44cfea5\" data-token-time=\"1775995178\"><noscript class=\"wpforms-error-noscript\">Bitte aktiviere JavaScript in deinem Browser, um dieses Formular fertigzustellen.<\/noscript><div class=\"wpforms-field-container\"><div id=\"wpforms-8387-field_0-container\" class=\"wpforms-field wpforms-field-name\" data-field-id=\"0\"><label class=\"wpforms-field-label\" for=\"wpforms-8387-field_0\">Vor- und Nachname  <span class=\"wpforms-required-label\">*<\/span><\/label><input type=\"text\" id=\"wpforms-8387-field_0\" class=\"wpforms-field-medium wpforms-field-required\" name=\"wpforms[fields][0]\" required><\/div><div id=\"wpforms-8387-field_1-container\" class=\"wpforms-field wpforms-field-email\" data-field-id=\"1\"><label class=\"wpforms-field-label\" for=\"wpforms-8387-field_1\">E-Mail Adresse  <span class=\"wpforms-required-label\">*<\/span><\/label><input type=\"email\" id=\"wpforms-8387-field_1\" class=\"wpforms-field-medium wpforms-field-required\" name=\"wpforms[fields][1]\" spellcheck=\"false\" required><\/div><div id=\"wpforms-8387-field_4-container\" class=\"wpforms-field wpforms-field-text\" data-field-id=\"4\"><label class=\"wpforms-field-label\" for=\"wpforms-8387-field_4\">Handynummer (optional)<\/label><input type=\"text\" id=\"wpforms-8387-field_4\" class=\"wpforms-field-medium\" name=\"wpforms[fields][4]\" ><\/div><div id=\"wpforms-8387-field_2-container\" class=\"wpforms-field wpforms-field-textarea\" data-field-id=\"2\"><label class=\"wpforms-field-label\" for=\"wpforms-8387-field_2\">Nachricht <span class=\"wpforms-required-label\">*<\/span><\/label><textarea id=\"wpforms-8387-field_2\" class=\"wpforms-field-medium wpforms-field-required\" name=\"wpforms[fields][2]\" required><\/textarea><\/div><div id=\"wpforms-8387-field_5-container\" class=\"wpforms-field wpforms-field-checkbox\" data-field-id=\"5\"><label class=\"wpforms-field-label\">Einverst\u00e4ndnis <span class=\"wpforms-required-label\">*<\/span><\/label><ul id=\"wpforms-8387-field_5\" class=\"wpforms-field-required\"><li class=\"choice-1 depth-1\"><input type=\"checkbox\" id=\"wpforms-8387-field_5_1\" name=\"wpforms[fields][5][]\" value=\"Ich bin damit einverstanden, dass Damasalis Consult mich bez\u00fcglich meiner Anfrage kontaktieren darf. Die von mir bereitgestellten Informationen werden von Damasalis Consult nicht f\u00fcr Marketingaktivit\u00e4ten verwendet und nicht an Dritte weitergegeben.\" required ><label class=\"wpforms-field-label-inline\" for=\"wpforms-8387-field_5_1\">Ich bin damit einverstanden, dass Damasalis Consult mich bez\u00fcglich meiner Anfrage kontaktieren darf. Die von mir bereitgestellten Informationen werden von Damasalis Consult nicht f\u00fcr Marketingaktivit\u00e4ten verwendet und nicht an Dritte weitergegeben.<\/label><\/li><\/ul><\/div><\/div><!-- .wpforms-field-container --><div class=\"wpforms-submit-container\" ><input type=\"hidden\" name=\"wpforms[id]\" value=\"8387\"><input type=\"hidden\" name=\"page_title\" value=\"\"><input type=\"hidden\" name=\"page_url\" value=\"https:\/\/damasalisconsult.hr\/de\/wp-json\/wp\/v2\/pages\/8439\"><input type=\"hidden\" name=\"url_referer\" value=\"\"><button type=\"submit\" name=\"wpforms[submit]\" id=\"wpforms-submit-8387\" class=\"wpforms-submit\" data-alt-text=\"Sending...\" data-submit-text=\"Senden\" aria-live=\"assertive\" value=\"wpforms-submit\">Senden<\/button><img decoding=\"async\" src=\"https:\/\/damasalisconsult.hr\/wp-content\/plugins\/wpforms-lite\/assets\/images\/submit-spin.svg\" class=\"wpforms-submit-spinner\" style=\"display: none;\" width=\"26\" height=\"26\" alt=\"Wird geladen\"><\/div><\/form><\/div>  <!-- .wpforms-container --><\/div>\n\t\t\t\t\t\t<\/div>\n\t\t\t\t<\/div>\n\t\t\t\t\t<\/div>\n\t\t<\/div>\n\t\t\t\t\t<\/div>\n\t\t<\/section>\n\t\t\t\t<section class=\"has_eae_slider elementor-section elementor-top-section elementor-element elementor-element-132a5fe8 elementor-section-full_width elementor-section-height-default elementor-section-height-default\" data-eae-slider=\"88769\" data-id=\"132a5fe8\" data-element_type=\"section\" data-e-type=\"section\" data-settings=\"{&quot;background_background&quot;:&quot;classic&quot;}\">\n\t\t\t\t\t\t<div class=\"elementor-container elementor-column-gap-no\">\n\t\t\t\t\t<div class=\"has_eae_slider elementor-column elementor-col-100 elementor-top-column elementor-element elementor-element-1db05ab2\" data-eae-slider=\"5747\" data-id=\"1db05ab2\" data-element_type=\"column\" data-e-type=\"column\">\n\t\t\t<div class=\"elementor-widget-wrap elementor-element-populated\">\n\t\t\t\t\t\t<div class=\"elementor-element elementor-element-37fa6799 elementor-widget elementor-widget-image\" data-id=\"37fa6799\" data-element_type=\"widget\" data-e-type=\"widget\" data-widget_type=\"image.default\">\n\t\t\t\t<div class=\"elementor-widget-container\">\n\t\t\t\t\t\t\t\t\t\t\t\t\t\t\t<img fetchpriority=\"high\" decoding=\"async\" width=\"2000\" height=\"1333\" src=\"https:\/\/damasalisconsult.hr\/wp-content\/uploads\/2022\/09\/savjetovanje.jpg\" class=\"attachment-full size-full wp-image-6540\" alt=\"\" srcset=\"https:\/\/damasalisconsult.hr\/wp-content\/uploads\/2022\/09\/savjetovanje.jpg 2000w, https:\/\/damasalisconsult.hr\/wp-content\/uploads\/2022\/09\/savjetovanje-300x200.jpg 300w, https:\/\/damasalisconsult.hr\/wp-content\/uploads\/2022\/09\/savjetovanje-1024x682.jpg 1024w, https:\/\/damasalisconsult.hr\/wp-content\/uploads\/2022\/09\/savjetovanje-768x512.jpg 768w, https:\/\/damasalisconsult.hr\/wp-content\/uploads\/2022\/09\/savjetovanje-1536x1024.jpg 1536w\" sizes=\"(max-width: 2000px) 100vw, 2000px\" \/>\t\t\t\t\t\t\t\t\t\t\t\t\t\t\t<\/div>\n\t\t\t\t<\/div>\n\t\t\t\t\t<\/div>\n\t\t<\/div>\n\t\t\t\t\t<\/div>\n\t\t<\/section>\n\t\t\t\t<\/div>\n\t\t","protected":false},"excerpt":{"rendered":"<p>Kennen Sie das Gef\u00fchl, wenn Sie endlich an der Reihe in der Apotheke sind und noch f\u00fcnf Personen hinter Ihnen auf Ihre Beschwerden h\u00f6ren werden? \u00a0 \u00a0Wir leben ein hektisches Leben, haben keine Zeit, in der Arztpraxis zu warten, und die zug\u00e4nglichste, gut ausgebildete und sofort verf\u00fcgbare Informationsquelle sind Apotheker.\u00a0 \u00a0 Unser K\u00f6rper ist ein [&hellip;]<\/p>\n","protected":false},"author":1,"featured_media":0,"parent":0,"menu_order":0,"comment_status":"closed","ping_status":"closed","template":"template-fullwidth.php","meta":{"footnotes":""},"class_list":["post-8439","page","type-page","status-publish","hentry"],"aioseo_notices":[],"_links":{"self":[{"href":"https:\/\/damasalisconsult.hr\/de\/wp-json\/wp\/v2\/pages\/8439","targetHints":{"allow":["GET"]}}],"collection":[{"href":"https:\/\/damasalisconsult.hr\/de\/wp-json\/wp\/v2\/pages"}],"about":[{"href":"https:\/\/damasalisconsult.hr\/de\/wp-json\/wp\/v2\/types\/page"}],"author":[{"embeddable":true,"href":"https:\/\/damasalisconsult.hr\/de\/wp-json\/wp\/v2\/users\/1"}],"replies":[{"embeddable":true,"href":"https:\/\/damasalisconsult.hr\/de\/wp-json\/wp\/v2\/comments?post=8439"}],"version-history":[{"count":4,"href":"https:\/\/damasalisconsult.hr\/de\/wp-json\/wp\/v2\/pages\/8439\/revisions"}],"predecessor-version":[{"id":8452,"href":"https:\/\/damasalisconsult.hr\/de\/wp-json\/wp\/v2\/pages\/8439\/revisions\/8452"}],"wp:attachment":[{"href":"https:\/\/damasalisconsult.hr\/de\/wp-json\/wp\/v2\/media?parent=8439"}],"curies":[{"name":"wp","href":"https:\/\/api.w.org\/{rel}","templated":true}]}}