{"id":8391,"date":"2023-09-21T09:08:26","date_gmt":"2023-09-21T07:08:26","guid":{"rendered":"https:\/\/damasalisconsult.hr\/kontakt\/"},"modified":"2023-09-21T09:09:22","modified_gmt":"2023-09-21T07:09:22","slug":"kontakt","status":"publish","type":"page","link":"https:\/\/damasalisconsult.hr\/de\/kontakt\/","title":{"rendered":"Kontakt"},"content":{"rendered":"\t\t<div data-elementor-type=\"wp-page\" data-elementor-id=\"8391\" class=\"elementor elementor-8391\" data-elementor-post-type=\"page\">\n\t\t\t\t\t\t<section class=\"has_eae_slider elementor-section elementor-top-section elementor-element elementor-element-8ebba63 elementor-section-boxed elementor-section-height-default elementor-section-height-default\" data-eae-slider=\"60695\" data-id=\"8ebba63\" data-element_type=\"section\" data-e-type=\"section\">\n\t\t\t\t\t\t<div class=\"elementor-container elementor-column-gap-default\">\n\t\t\t\t\t<div class=\"has_eae_slider elementor-column elementor-col-100 elementor-top-column elementor-element elementor-element-e3c53ee\" data-eae-slider=\"73961\" data-id=\"e3c53ee\" data-element_type=\"column\" data-e-type=\"column\">\n\t\t\t<div class=\"elementor-widget-wrap\">\n\t\t\t\t\t\t\t<\/div>\n\t\t<\/div>\n\t\t\t\t\t<\/div>\n\t\t<\/section>\n\t\t\t\t<section class=\"has_eae_slider elementor-section elementor-top-section elementor-element elementor-element-efe7969 elementor-section-boxed elementor-section-height-default elementor-section-height-default\" data-eae-slider=\"64864\" data-id=\"efe7969\" data-element_type=\"section\" data-e-type=\"section\">\n\t\t\t\t\t\t<div class=\"elementor-container elementor-column-gap-default\">\n\t\t\t\t\t<div class=\"has_eae_slider elementor-column elementor-col-100 elementor-top-column elementor-element elementor-element-dca790f\" data-eae-slider=\"3838\" data-id=\"dca790f\" data-element_type=\"column\" data-e-type=\"column\">\n\t\t\t<div class=\"elementor-widget-wrap elementor-element-populated\">\n\t\t\t\t\t\t<div class=\"elementor-element elementor-element-400ce0b elementor-widget elementor-widget-text-editor\" data-id=\"400ce0b\" data-element_type=\"widget\" data-e-type=\"widget\" data-widget_type=\"text-editor.default\">\n\t\t\t\t<div class=\"elementor-widget-container\">\n\t\t\t\t\t\t\t\t\t<div><span lang=\"EN\">Bei Unklarheiten kontaktieren Sie uns bitte. Wir werden auf alle Anfragen so schnell wie m\u00f6glich antworten, um Ihre Probleme auf die schmerzloseste Weise zu l\u00f6sen.<\/span><\/div>\t\t\t\t\t\t\t\t<\/div>\n\t\t\t\t<\/div>\n\t\t\t\t<div class=\"elementor-element elementor-element-19f6220 elementor-widget elementor-widget-shortcode\" data-id=\"19f6220\" data-element_type=\"widget\" data-e-type=\"widget\" data-widget_type=\"shortcode.default\">\n\t\t\t\t<div class=\"elementor-widget-container\">\n\t\t\t\t\t\t\t<div class=\"elementor-shortcode\"><div class=\"wpforms-container wpforms-container-full\" id=\"wpforms-8387\"><form id=\"wpforms-form-8387\" class=\"wpforms-validate wpforms-form wpforms-ajax-form\" data-formid=\"8387\" method=\"post\" enctype=\"multipart\/form-data\" action=\"\/de\/wp-json\/wp\/v2\/pages\/8391\" data-token=\"5f86f53b4ab4df2df625e8f0db5c4827\" data-token-time=\"1777485018\"><noscript class=\"wpforms-error-noscript\">Bitte aktiviere JavaScript in deinem Browser, um dieses Formular fertigzustellen.<\/noscript><div class=\"wpforms-field-container\"><div id=\"wpforms-8387-field_0-container\" class=\"wpforms-field wpforms-field-name\" data-field-id=\"0\"><label class=\"wpforms-field-label\" for=\"wpforms-8387-field_0\">Vor- und Nachname  <span class=\"wpforms-required-label\">*<\/span><\/label><input type=\"text\" id=\"wpforms-8387-field_0\" class=\"wpforms-field-medium wpforms-field-required\" name=\"wpforms[fields][0]\" required><\/div><div id=\"wpforms-8387-field_1-container\" class=\"wpforms-field wpforms-field-email\" data-field-id=\"1\"><label class=\"wpforms-field-label\" for=\"wpforms-8387-field_1\">E-Mail Adresse  <span class=\"wpforms-required-label\">*<\/span><\/label><input type=\"email\" id=\"wpforms-8387-field_1\" class=\"wpforms-field-medium wpforms-field-required\" name=\"wpforms[fields][1]\" spellcheck=\"false\" required><\/div><div id=\"wpforms-8387-field_4-container\" class=\"wpforms-field wpforms-field-text\" data-field-id=\"4\"><label class=\"wpforms-field-label\" for=\"wpforms-8387-field_4\">Handynummer (optional)<\/label><input type=\"text\" id=\"wpforms-8387-field_4\" class=\"wpforms-field-medium\" name=\"wpforms[fields][4]\" ><\/div><div id=\"wpforms-8387-field_2-container\" class=\"wpforms-field wpforms-field-textarea\" data-field-id=\"2\"><label class=\"wpforms-field-label\" for=\"wpforms-8387-field_2\">Nachricht <span class=\"wpforms-required-label\">*<\/span><\/label><textarea id=\"wpforms-8387-field_2\" class=\"wpforms-field-medium wpforms-field-required\" name=\"wpforms[fields][2]\" required><\/textarea><\/div><div id=\"wpforms-8387-field_5-container\" class=\"wpforms-field wpforms-field-checkbox\" data-field-id=\"5\"><label class=\"wpforms-field-label\">Einverst\u00e4ndnis <span class=\"wpforms-required-label\">*<\/span><\/label><ul id=\"wpforms-8387-field_5\" class=\"wpforms-field-required\"><li class=\"choice-1 depth-1\"><input type=\"checkbox\" id=\"wpforms-8387-field_5_1\" name=\"wpforms[fields][5][]\" value=\"Ich bin damit einverstanden, dass Damasalis Consult mich bez\u00fcglich meiner Anfrage kontaktieren darf. Die von mir bereitgestellten Informationen werden von Damasalis Consult nicht f\u00fcr Marketingaktivit\u00e4ten verwendet und nicht an Dritte weitergegeben.\" required ><label class=\"wpforms-field-label-inline\" for=\"wpforms-8387-field_5_1\">Ich bin damit einverstanden, dass Damasalis Consult mich bez\u00fcglich meiner Anfrage kontaktieren darf. Die von mir bereitgestellten Informationen werden von Damasalis Consult nicht f\u00fcr Marketingaktivit\u00e4ten verwendet und nicht an Dritte weitergegeben.<\/label><\/li><\/ul><\/div><\/div><!-- .wpforms-field-container --><div class=\"wpforms-submit-container\" ><input type=\"hidden\" name=\"wpforms[id]\" value=\"8387\"><input type=\"hidden\" name=\"page_title\" value=\"\"><input type=\"hidden\" name=\"page_url\" value=\"https:\/\/damasalisconsult.hr\/de\/wp-json\/wp\/v2\/pages\/8391\"><input type=\"hidden\" name=\"url_referer\" value=\"\"><button type=\"submit\" name=\"wpforms[submit]\" id=\"wpforms-submit-8387\" class=\"wpforms-submit\" data-alt-text=\"Sending...\" data-submit-text=\"Senden\" aria-live=\"assertive\" value=\"wpforms-submit\">Senden<\/button><img decoding=\"async\" src=\"https:\/\/damasalisconsult.hr\/wp-content\/plugins\/wpforms-lite\/assets\/images\/submit-spin.svg\" class=\"wpforms-submit-spinner\" style=\"display: none;\" width=\"26\" height=\"26\" alt=\"Wird geladen\"><\/div><\/form><\/div>  <!-- .wpforms-container --><\/div>\n\t\t\t\t\t\t<\/div>\n\t\t\t\t<\/div>\n\t\t\t\t\t<\/div>\n\t\t<\/div>\n\t\t\t\t\t<\/div>\n\t\t<\/section>\n\t\t\t\t<\/div>\n\t\t","protected":false},"excerpt":{"rendered":"<p>Bei Unklarheiten kontaktieren Sie uns bitte. Wir werden auf alle Anfragen so schnell wie m\u00f6glich antworten, um Ihre Probleme auf die schmerzloseste Weise zu l\u00f6sen.<\/p>\n","protected":false},"author":1,"featured_media":0,"parent":0,"menu_order":0,"comment_status":"closed","ping_status":"closed","template":"template-fullwidth.php","meta":{"footnotes":""},"class_list":["post-8391","page","type-page","status-publish","hentry"],"aioseo_notices":[],"_links":{"self":[{"href":"https:\/\/damasalisconsult.hr\/de\/wp-json\/wp\/v2\/pages\/8391","targetHints":{"allow":["GET"]}}],"collection":[{"href":"https:\/\/damasalisconsult.hr\/de\/wp-json\/wp\/v2\/pages"}],"about":[{"href":"https:\/\/damasalisconsult.hr\/de\/wp-json\/wp\/v2\/types\/page"}],"author":[{"embeddable":true,"href":"https:\/\/damasalisconsult.hr\/de\/wp-json\/wp\/v2\/users\/1"}],"replies":[{"embeddable":true,"href":"https:\/\/damasalisconsult.hr\/de\/wp-json\/wp\/v2\/comments?post=8391"}],"version-history":[{"count":3,"href":"https:\/\/damasalisconsult.hr\/de\/wp-json\/wp\/v2\/pages\/8391\/revisions"}],"predecessor-version":[{"id":8394,"href":"https:\/\/damasalisconsult.hr\/de\/wp-json\/wp\/v2\/pages\/8391\/revisions\/8394"}],"wp:attachment":[{"href":"https:\/\/damasalisconsult.hr\/de\/wp-json\/wp\/v2\/media?parent=8391"}],"curies":[{"name":"wp","href":"https:\/\/api.w.org\/{rel}","templated":true}]}}