{"id":8385,"date":"2023-09-20T13:30:05","date_gmt":"2023-09-20T11:30:05","guid":{"rendered":"https:\/\/damasalisconsult.hr\/veleprodaja\/"},"modified":"2024-08-26T17:02:46","modified_gmt":"2024-08-26T15:02:46","slug":"grosshandel","status":"publish","type":"page","link":"https:\/\/damasalisconsult.hr\/de\/grosshandel\/","title":{"rendered":"Kontakt"},"content":{"rendered":"\t\t<div data-elementor-type=\"wp-page\" data-elementor-id=\"8385\" class=\"elementor elementor-8385\" data-elementor-post-type=\"page\">\n\t\t\t\t\t\t<section class=\"has_eae_slider elementor-section elementor-top-section elementor-element elementor-element-efe7969 elementor-section-boxed elementor-section-height-default elementor-section-height-default\" data-eae-slider=\"43670\" data-id=\"efe7969\" data-element_type=\"section\" data-e-type=\"section\">\n\t\t\t\t\t\t<div class=\"elementor-container elementor-column-gap-default\">\n\t\t\t\t\t<div class=\"has_eae_slider elementor-column elementor-col-50 elementor-top-column elementor-element elementor-element-dca790f\" data-eae-slider=\"82531\" data-id=\"dca790f\" data-element_type=\"column\" data-e-type=\"column\">\n\t\t\t<div class=\"elementor-widget-wrap elementor-element-populated\">\n\t\t\t\t\t\t<div class=\"elementor-element elementor-element-3349957 elementor-widget elementor-widget-heading\" data-id=\"3349957\" data-element_type=\"widget\" data-e-type=\"widget\" data-widget_type=\"heading.default\">\n\t\t\t\t<div class=\"elementor-widget-container\">\n\t\t\t\t\t<h2 class=\"elementor-heading-title elementor-size-default\">Kontakt Formular<\/h2>\t\t\t\t<\/div>\n\t\t\t\t<\/div>\n\t\t\t\t<div class=\"elementor-element elementor-element-19f6220 elementor-widget elementor-widget-shortcode\" data-id=\"19f6220\" data-element_type=\"widget\" data-e-type=\"widget\" data-widget_type=\"shortcode.default\">\n\t\t\t\t<div class=\"elementor-widget-container\">\n\t\t\t\t\t\t\t<div class=\"elementor-shortcode\"><div class=\"wpforms-container wpforms-container-full\" id=\"wpforms-8387\"><form id=\"wpforms-form-8387\" class=\"wpforms-validate wpforms-form wpforms-ajax-form\" data-formid=\"8387\" method=\"post\" enctype=\"multipart\/form-data\" action=\"\/de\/wp-json\/wp\/v2\/pages\/8385\" data-token=\"df42f218f5704c91161a4814b90e7771\" data-token-time=\"1777303948\"><noscript class=\"wpforms-error-noscript\">Bitte aktiviere JavaScript in deinem Browser, um dieses Formular fertigzustellen.<\/noscript><div class=\"wpforms-field-container\"><div id=\"wpforms-8387-field_0-container\" class=\"wpforms-field wpforms-field-name\" data-field-id=\"0\"><label class=\"wpforms-field-label\" for=\"wpforms-8387-field_0\">Vor- und Nachname  <span class=\"wpforms-required-label\">*<\/span><\/label><input type=\"text\" id=\"wpforms-8387-field_0\" class=\"wpforms-field-medium wpforms-field-required\" name=\"wpforms[fields][0]\" required><\/div><div id=\"wpforms-8387-field_1-container\" class=\"wpforms-field wpforms-field-email\" data-field-id=\"1\"><label class=\"wpforms-field-label\" for=\"wpforms-8387-field_1\">E-Mail Adresse  <span class=\"wpforms-required-label\">*<\/span><\/label><input type=\"email\" id=\"wpforms-8387-field_1\" class=\"wpforms-field-medium wpforms-field-required\" name=\"wpforms[fields][1]\" spellcheck=\"false\" required><\/div><div id=\"wpforms-8387-field_4-container\" class=\"wpforms-field wpforms-field-text\" data-field-id=\"4\"><label class=\"wpforms-field-label\" for=\"wpforms-8387-field_4\">Handynummer (optional)<\/label><input type=\"text\" id=\"wpforms-8387-field_4\" class=\"wpforms-field-medium\" name=\"wpforms[fields][4]\" ><\/div><div id=\"wpforms-8387-field_2-container\" class=\"wpforms-field wpforms-field-textarea\" data-field-id=\"2\"><label class=\"wpforms-field-label\" for=\"wpforms-8387-field_2\">Nachricht <span class=\"wpforms-required-label\">*<\/span><\/label><textarea id=\"wpforms-8387-field_2\" class=\"wpforms-field-medium wpforms-field-required\" name=\"wpforms[fields][2]\" required><\/textarea><\/div><div id=\"wpforms-8387-field_5-container\" class=\"wpforms-field wpforms-field-checkbox\" data-field-id=\"5\"><label class=\"wpforms-field-label\">Einverst\u00e4ndnis <span class=\"wpforms-required-label\">*<\/span><\/label><ul id=\"wpforms-8387-field_5\" class=\"wpforms-field-required\"><li class=\"choice-1 depth-1\"><input type=\"checkbox\" id=\"wpforms-8387-field_5_1\" name=\"wpforms[fields][5][]\" value=\"Ich bin damit einverstanden, dass Damasalis Consult mich bez\u00fcglich meiner Anfrage kontaktieren darf. Die von mir bereitgestellten Informationen werden von Damasalis Consult nicht f\u00fcr Marketingaktivit\u00e4ten verwendet und nicht an Dritte weitergegeben.\" required ><label class=\"wpforms-field-label-inline\" for=\"wpforms-8387-field_5_1\">Ich bin damit einverstanden, dass Damasalis Consult mich bez\u00fcglich meiner Anfrage kontaktieren darf. Die von mir bereitgestellten Informationen werden von Damasalis Consult nicht f\u00fcr Marketingaktivit\u00e4ten verwendet und nicht an Dritte weitergegeben.<\/label><\/li><\/ul><\/div><\/div><!-- .wpforms-field-container --><div class=\"wpforms-submit-container\" ><input type=\"hidden\" name=\"wpforms[id]\" value=\"8387\"><input type=\"hidden\" name=\"page_title\" value=\"\"><input type=\"hidden\" name=\"page_url\" value=\"https:\/\/damasalisconsult.hr\/de\/wp-json\/wp\/v2\/pages\/8385\"><input type=\"hidden\" name=\"url_referer\" value=\"\"><button type=\"submit\" name=\"wpforms[submit]\" id=\"wpforms-submit-8387\" class=\"wpforms-submit\" data-alt-text=\"Sending...\" data-submit-text=\"Senden\" aria-live=\"assertive\" value=\"wpforms-submit\">Senden<\/button><img decoding=\"async\" src=\"https:\/\/damasalisconsult.hr\/wp-content\/plugins\/wpforms-lite\/assets\/images\/submit-spin.svg\" class=\"wpforms-submit-spinner\" style=\"display: none;\" width=\"26\" height=\"26\" alt=\"Wird geladen\"><\/div><\/form><\/div>  <!-- .wpforms-container --><\/div>\n\t\t\t\t\t\t<\/div>\n\t\t\t\t<\/div>\n\t\t\t\t\t<\/div>\n\t\t<\/div>\n\t\t\t\t<div class=\"has_eae_slider elementor-column elementor-col-50 elementor-top-column elementor-element elementor-element-5d654ed\" data-eae-slider=\"66433\" data-id=\"5d654ed\" data-element_type=\"column\" data-e-type=\"column\">\n\t\t\t<div class=\"elementor-widget-wrap elementor-element-populated\">\n\t\t\t\t\t\t<div class=\"elementor-element elementor-element-83e33b0 elementor-widget elementor-widget-creote-contact-box-v1\" data-id=\"83e33b0\" data-element_type=\"widget\" data-e-type=\"widget\" data-widget_type=\"creote-contact-box-v1.default\">\n\t\t\t\t<div class=\"elementor-widget-container\">\n\t\t\t\t\t \r\n<div class=\"contact_box_content style_one\" \r\n     \r\n        data-aos=\"fade-up\" \r\n        data-aos-delay=\"0\" \r\n        data-aos-offset=\"0\" \r\n    >\r\n            <div class=\"contact_box_inner  icon_yes \">\r\n                            <div class=\"icon_bx\">\r\n                    <span class=\" icon-placeholder\"><\/span>\r\n                <\/div>\r\n                        <div class=\"contnet\">\r\n                                  <div class=\"contitle\">Adresse<\/div>\r\n                                                    <p>Virovska 25, 48325 Novigrad Podravski,\nKroatien<\/p>\r\n                            <\/div>\r\n        <\/div>\r\n    <\/div>\r\n\r\n\t\t\t\t<\/div>\n\t\t\t\t<\/div>\n\t\t\t\t<div class=\"elementor-element elementor-element-eb3e0de elementor-widget elementor-widget-creote-contact-box-v1\" data-id=\"eb3e0de\" data-element_type=\"widget\" data-e-type=\"widget\" data-widget_type=\"creote-contact-box-v1.default\">\n\t\t\t\t<div class=\"elementor-widget-container\">\n\t\t\t\t\t \r\n<div class=\"contact_box_content style_one\" \r\n     \r\n        data-aos=\"fade-up\" \r\n        data-aos-delay=\"0\" \r\n        data-aos-offset=\"0\" \r\n    >\r\n            <div class=\"contact_box_inner  icon_yes \">\r\n                            <div class=\"icon_bx\">\r\n                    <span class=\" icon-phone-call\"><\/span>\r\n                <\/div>\r\n                        <div class=\"contnet\">\r\n                                  <div class=\"contitle\">Gro\u00dfhandel<\/div>\r\n                                                    <p><b>Handy<\/b> +385 98 900 5223 \/ +385 095 9046 113   <br>  <b>Email: <\/b>damasalisconsult@gmail.com<\/p>\r\n                            <\/div>\r\n        <\/div>\r\n    <\/div>\r\n\r\n\t\t\t\t<\/div>\n\t\t\t\t<\/div>\n\t\t\t\t<div class=\"elementor-element elementor-element-f64590e elementor-widget elementor-widget-creote-contact-box-v1\" data-id=\"f64590e\" data-element_type=\"widget\" data-e-type=\"widget\" data-widget_type=\"creote-contact-box-v1.default\">\n\t\t\t\t<div class=\"elementor-widget-container\">\n\t\t\t\t\t \r\n<div class=\"contact_box_content style_one\" \r\n     \r\n        data-aos=\"fade-up\" \r\n        data-aos-delay=\"0\" \r\n        data-aos-offset=\"0\" \r\n    >\r\n            <div class=\"contact_box_inner  icon_yes \">\r\n                            <div class=\"icon_bx\">\r\n                    <span class=\"fa fa-clock-o\"><\/span>\r\n                <\/div>\r\n                        <div class=\"contnet\">\r\n                                  <div class=\"contitle\">Arbeitszeit<\/div>\r\n                                                    <p>Mon-Fri: 09.00 - 17.00<\/p>\r\n                            <\/div>\r\n        <\/div>\r\n    <\/div>\r\n\r\n\t\t\t\t<\/div>\n\t\t\t\t<\/div>\n\t\t\t\t<div class=\"elementor-element elementor-element-3d00b83 elementor-widget elementor-widget-creote-social-media-v1\" data-id=\"3d00b83\" data-element_type=\"widget\" data-e-type=\"widget\" data-widget_type=\"creote-social-media-v1.default\">\n\t\t\t\t<div class=\"elementor-widget-container\">\n\t\t\t\t\t<div class=\"social_media_v_one\"> <ul>  <li > <a href=\"#\"  > <span class=\"fa fa-facebook\"><\/span> <small>facebook<\/small> <\/a> <\/li>  <li > <a href=\"#\"  > <span class=\"fa fa-instagram\"><\/span> <small>instagram<\/small> <\/a> <\/li>  <li > <a href=\"#\"  > <span class=\"fa-brands fa-tiktok\"><\/span> <small>Tik Tok<\/small> <\/a> <\/li>  <\/ul><\/div>\r\n\t\t\t\t<\/div>\n\t\t\t\t<\/div>\n\t\t\t\t\t<\/div>\n\t\t<\/div>\n\t\t\t\t\t<\/div>\n\t\t<\/section>\n\t\t\t\t<section class=\"has_eae_slider elementor-section elementor-top-section elementor-element elementor-element-08b776a elementor-section-boxed elementor-section-height-default elementor-section-height-default\" data-eae-slider=\"52014\" data-id=\"08b776a\" data-element_type=\"section\" data-e-type=\"section\">\n\t\t\t\t\t\t<div class=\"elementor-container elementor-column-gap-default\">\n\t\t\t\t\t<div class=\"has_eae_slider elementor-column elementor-col-100 elementor-top-column elementor-element elementor-element-c957b13\" data-eae-slider=\"85552\" data-id=\"c957b13\" data-element_type=\"column\" data-e-type=\"column\">\n\t\t\t<div class=\"elementor-widget-wrap\">\n\t\t\t\t\t\t\t<\/div>\n\t\t<\/div>\n\t\t\t\t\t<\/div>\n\t\t<\/section>\n\t\t\t\t<section class=\"has_eae_slider elementor-section elementor-top-section elementor-element elementor-element-2a2c0e4 elementor-section-boxed elementor-section-height-default elementor-section-height-default\" data-eae-slider=\"54814\" data-id=\"2a2c0e4\" data-element_type=\"section\" data-e-type=\"section\">\n\t\t\t\t\t\t<div class=\"elementor-container elementor-column-gap-default\">\n\t\t\t\t\t<div class=\"has_eae_slider elementor-column elementor-col-100 elementor-top-column elementor-element elementor-element-35f7b49\" data-eae-slider=\"62192\" data-id=\"35f7b49\" data-element_type=\"column\" data-e-type=\"column\">\n\t\t\t<div class=\"elementor-widget-wrap elementor-element-populated\">\n\t\t\t\t\t\t<div class=\"elementor-element elementor-element-2040207 elementor-widget elementor-widget-google_maps\" data-id=\"2040207\" data-element_type=\"widget\" data-e-type=\"widget\" data-widget_type=\"google_maps.default\">\n\t\t\t\t<div class=\"elementor-widget-container\">\n\t\t\t\t\t\t\t<div class=\"elementor-custom-embed\">\n\t\t\t<iframe loading=\"lazy\"\n\t\t\t\t\tsrc=\"https:\/\/maps.google.com\/maps?q=virovska%2025%2C%2048325%20novigrad%20podravski&#038;t=m&#038;z=10&#038;output=embed&#038;iwloc=near\"\n\t\t\t\t\ttitle=\"virovska 25, 48325 novigrad podravski\"\n\t\t\t\t\taria-label=\"virovska 25, 48325 novigrad podravski\"\n\t\t\t><\/iframe>\n\t\t<\/div>\n\t\t\t\t\t\t<\/div>\n\t\t\t\t<\/div>\n\t\t\t\t\t<\/div>\n\t\t<\/div>\n\t\t\t\t\t<\/div>\n\t\t<\/section>\n\t\t\t\t<\/div>\n\t\t","protected":false},"excerpt":{"rendered":"<p>Kontakt Formular Adresse Virovska 25, 48325 Novigrad Podravski, Kroatien Gro\u00dfhandel Handy +385 98 900 5223 \/ +385 095 9046 113 Email: damasalisconsult@gmail.com Arbeitszeit Mon-Fri: 09.00 &#8211; 17.00 facebook instagram Tik Tok<\/p>\n","protected":false},"author":1,"featured_media":7945,"parent":0,"menu_order":0,"comment_status":"closed","ping_status":"closed","template":"template-fullwidth.php","meta":{"footnotes":""},"class_list":["post-8385","page","type-page","status-publish","has-post-thumbnail","hentry"],"aioseo_notices":[],"_links":{"self":[{"href":"https:\/\/damasalisconsult.hr\/de\/wp-json\/wp\/v2\/pages\/8385","targetHints":{"allow":["GET"]}}],"collection":[{"href":"https:\/\/damasalisconsult.hr\/de\/wp-json\/wp\/v2\/pages"}],"about":[{"href":"https:\/\/damasalisconsult.hr\/de\/wp-json\/wp\/v2\/types\/page"}],"author":[{"embeddable":true,"href":"https:\/\/damasalisconsult.hr\/de\/wp-json\/wp\/v2\/users\/1"}],"replies":[{"embeddable":true,"href":"https:\/\/damasalisconsult.hr\/de\/wp-json\/wp\/v2\/comments?post=8385"}],"version-history":[{"count":11,"href":"https:\/\/damasalisconsult.hr\/de\/wp-json\/wp\/v2\/pages\/8385\/revisions"}],"predecessor-version":[{"id":9626,"href":"https:\/\/damasalisconsult.hr\/de\/wp-json\/wp\/v2\/pages\/8385\/revisions\/9626"}],"wp:featuredmedia":[{"embeddable":true,"href":"https:\/\/damasalisconsult.hr\/de\/wp-json\/wp\/v2\/media\/7945"}],"wp:attachment":[{"href":"https:\/\/damasalisconsult.hr\/de\/wp-json\/wp\/v2\/media?parent=8385"}],"curies":[{"name":"wp","href":"https:\/\/api.w.org\/{rel}","templated":true}]}}